{"id":906,"date":"2022-05-08T21:49:01","date_gmt":"2022-05-08T19:49:01","guid":{"rendered":"https:\/\/calandreta.establiment.fr\/becarut\/?page_id=906"},"modified":"2022-09-18T16:07:52","modified_gmt":"2022-09-18T14:07:52","slug":"organizacion-2","status":"publish","type":"page","link":"https:\/\/becarut.establiment.fr\/?page_id=906","title":{"rendered":"Organizacion"},"content":{"rendered":"\t\t<div data-elementor-type=\"wp-page\" data-elementor-id=\"906\" class=\"elementor elementor-906\">\n\t\t\t\t\t\t<section class=\"elementor-section elementor-top-section elementor-element elementor-element-9d713d5 elementor-section-boxed elementor-section-height-default elementor-section-height-default\" data-id=\"9d713d5\" data-element_type=\"section\">\n\t\t\t\t\t\t<div class=\"elementor-container elementor-column-gap-default\">\n\t\t\t\t\t<div class=\"elementor-column elementor-col-100 elementor-top-column elementor-element elementor-element-e781469\" data-id=\"e781469\" data-element_type=\"column\">\n\t\t\t<div class=\"elementor-widget-wrap elementor-element-populated\">\n\t\t\t\t\t\t<div class=\"elementor-element elementor-element-ea38672 elementor-widget elementor-widget-heading\" data-id=\"ea38672\" data-element_type=\"widget\" data-widget_type=\"heading.default\">\n\t\t\t\t<div class=\"elementor-widget-container\">\n\t\t\t<h2 class=\"elementor-heading-title elementor-size-default\">Organizacion<\/h2>\t\t<\/div>\n\t\t\t\t<\/div>\n\t\t\t\t\t<\/div>\n\t\t<\/div>\n\t\t\t\t\t<\/div>\n\t\t<\/section>\n\t\t\t\t<section class=\"elementor-section elementor-top-section elementor-element elementor-element-510aec8 elementor-section-boxed elementor-section-height-default elementor-section-height-default\" data-id=\"510aec8\" data-element_type=\"section\">\n\t\t\t\t\t\t<div class=\"elementor-container elementor-column-gap-default\">\n\t\t\t\t\t<div class=\"elementor-column elementor-col-66 elementor-top-column elementor-element elementor-element-2641199\" data-id=\"2641199\" data-element_type=\"column\">\n\t\t\t<div class=\"elementor-widget-wrap elementor-element-populated\">\n\t\t\t\t\t\t<div class=\"elementor-element elementor-element-53b7c88 elementor-widget elementor-widget-text-editor\" data-id=\"53b7c88\" data-element_type=\"widget\" data-widget_type=\"text-editor.default\">\n\t\t\t\t<div class=\"elementor-widget-container\">\n\t\t\t\t\t\t\t<p>Comme la majorit\u00e9 des associations de loi 1901, Calandreta Lo Becarut est organis\u00e9e autour d&rsquo;un conseil d&rsquo;administration et d&rsquo;un bureau.<\/p><p>Etant actuellement sur un petit effectif, l&rsquo;ensemble des parents d&rsquo;\u00e9l\u00e8ve fait partie du Conseil d&rsquo;Administration.<\/p><p>Au sein du Conseil d&rsquo;Administration, les parents volontaires peuvent int\u00e9grer le Bureau, responsable de la gestion g\u00e9n\u00e9rale de l&rsquo;\u00e9cole.\u00a0<\/p><p>A ce jour, le bureau de l&rsquo;association Calandreta Lo Becarut est constitu\u00e9:<\/p><ul><li>Un Pr\u00e9sident: M. R\u00e9my Arsento<\/li><li>Une Tr\u00e9sori\u00e8re: Mme St\u00e9phanie Helbert<\/li><li>Une Secr\u00e9taire: Mme Virginie Balzano<\/li><\/ul><p>Les membres du Bureau ont en charge les dossiers salari\u00e9s, les relations avec les collectivit\u00e9s et la F\u00e9d\u00e9ration Calandreta ainsi que la communication.<\/p><p>Le Bureau se doit de porter et mettre en oeuvre les d\u00e9cisions prises par le Conseil d&rsquo;Administration.<\/p>\t\t\t\t\t\t<\/div>\n\t\t\t\t<\/div>\n\t\t\t\t\t<\/div>\n\t\t<\/div>\n\t\t\t\t<div class=\"elementor-column elementor-col-33 elementor-top-column elementor-element elementor-element-342f848\" data-id=\"342f848\" data-element_type=\"column\">\n\t\t\t<div class=\"elementor-widget-wrap\">\n\t\t\t\t\t\t\t<\/div>\n\t\t<\/div>\n\t\t\t\t\t<\/div>\n\t\t<\/section>\n\t\t\t\t<\/div>\n\t\t","protected":false},"excerpt":{"rendered":"<p>Organizacion Comme la majorit\u00e9 des associations de loi 1901, Calandreta Lo Becarut est organis\u00e9e autour d&rsquo;un conseil d&rsquo;administration et d&rsquo;un bureau. Etant actuellement sur un petit effectif, l&rsquo;ensemble des parents d&rsquo;\u00e9l\u00e8ve fait partie du Conseil d&rsquo;Administration. Au sein du Conseil d&rsquo;Administration, les parents volontaires peuvent int\u00e9grer le Bureau, responsable de la gestion g\u00e9n\u00e9rale de l&rsquo;\u00e9cole.\u00a0&hellip;&nbsp;<a href=\"https:\/\/becarut.establiment.fr\/?page_id=906\" class=\"\" rel=\"bookmark\">Lire la suite &raquo;<span class=\"screen-reader-text\">Organizacion<\/span><\/a><\/p>\n","protected":false},"author":2,"featured_media":0,"parent":0,"menu_order":0,"comment_status":"closed","ping_status":"closed","template":"","meta":{"neve_meta_sidebar":"","neve_meta_container":"","neve_meta_enable_content_width":"","neve_meta_content_width":0,"neve_meta_title_alignment":"","neve_meta_author_avatar":"","neve_post_elements_order":"","neve_meta_disable_header":"","neve_meta_disable_footer":"","neve_meta_disable_title":"","footnotes":""},"class_list":["post-906","page","type-page","status-publish","hentry"],"_links":{"self":[{"href":"https:\/\/becarut.establiment.fr\/index.php?rest_route=\/wp\/v2\/pages\/906"}],"collection":[{"href":"https:\/\/becarut.establiment.fr\/index.php?rest_route=\/wp\/v2\/pages"}],"about":[{"href":"https:\/\/becarut.establiment.fr\/index.php?rest_route=\/wp\/v2\/types\/page"}],"author":[{"embeddable":true,"href":"https:\/\/becarut.establiment.fr\/index.php?rest_route=\/wp\/v2\/users\/2"}],"replies":[{"embeddable":true,"href":"https:\/\/becarut.establiment.fr\/index.php?rest_route=%2Fwp%2Fv2%2Fcomments&post=906"}],"version-history":[{"count":16,"href":"https:\/\/becarut.establiment.fr\/index.php?rest_route=\/wp\/v2\/pages\/906\/revisions"}],"predecessor-version":[{"id":1383,"href":"https:\/\/becarut.establiment.fr\/index.php?rest_route=\/wp\/v2\/pages\/906\/revisions\/1383"}],"wp:attachment":[{"href":"https:\/\/becarut.establiment.fr\/index.php?rest_route=%2Fwp%2Fv2%2Fmedia&parent=906"}],"curies":[{"name":"wp","href":"https:\/\/api.w.org\/{rel}","templated":true}]}}