{"id":816,"date":"2022-03-05T13:48:40","date_gmt":"2022-03-05T12:48:40","guid":{"rendered":"https:\/\/calandreta.establiment.fr\/becarut\/?page_id=816"},"modified":"2022-05-08T22:57:02","modified_gmt":"2022-05-08T20:57:02","slug":"les-engagements-des-parents","status":"publish","type":"page","link":"https:\/\/becarut.establiment.fr\/?page_id=816","title":{"rendered":"Les Engagements des Parents"},"content":{"rendered":"\t\t<div data-elementor-type=\"wp-page\" data-elementor-id=\"816\" class=\"elementor elementor-816\">\n\t\t\t\t\t\t<section class=\"elementor-section elementor-top-section elementor-element elementor-element-fb2fde4 elementor-section-boxed elementor-section-height-default elementor-section-height-default\" data-id=\"fb2fde4\" data-element_type=\"section\">\n\t\t\t\t\t\t<div class=\"elementor-container elementor-column-gap-default\">\n\t\t\t\t\t<div class=\"elementor-column elementor-col-50 elementor-top-column elementor-element elementor-element-dd36dbe\" data-id=\"dd36dbe\" data-element_type=\"column\">\n\t\t\t<div class=\"elementor-widget-wrap elementor-element-populated\">\n\t\t\t\t\t\t<div class=\"elementor-element elementor-element-253faa6 elementor-widget elementor-widget-heading\" data-id=\"253faa6\" data-element_type=\"widget\" data-widget_type=\"heading.default\">\n\t\t\t\t<div class=\"elementor-widget-container\">\n\t\t\t<h2 class=\"elementor-heading-title elementor-size-default\">Les Engagements des Parents<\/h2>\t\t<\/div>\n\t\t\t\t<\/div>\n\t\t\t\t\t<\/div>\n\t\t<\/div>\n\t\t\t\t<div class=\"elementor-column elementor-col-50 elementor-top-column elementor-element elementor-element-ce5b91d\" data-id=\"ce5b91d\" data-element_type=\"column\">\n\t\t\t<div class=\"elementor-widget-wrap\">\n\t\t\t\t\t\t\t<\/div>\n\t\t<\/div>\n\t\t\t\t\t<\/div>\n\t\t<\/section>\n\t\t\t\t<section class=\"elementor-section elementor-top-section elementor-element elementor-element-38289f3 elementor-section-boxed elementor-section-height-default elementor-section-height-default\" data-id=\"38289f3\" data-element_type=\"section\">\n\t\t\t\t\t\t<div class=\"elementor-container elementor-column-gap-default\">\n\t\t\t\t\t<div class=\"elementor-column elementor-col-50 elementor-top-column elementor-element elementor-element-a43e25a\" data-id=\"a43e25a\" data-element_type=\"column\">\n\t\t\t<div class=\"elementor-widget-wrap elementor-element-populated\">\n\t\t\t\t\t\t<div class=\"elementor-element elementor-element-72c08a6 elementor-widget elementor-widget-text-editor\" data-id=\"72c08a6\" data-element_type=\"widget\" data-widget_type=\"text-editor.default\">\n\t\t\t\t<div class=\"elementor-widget-container\">\n\t\t\t\t\t\t\t<div class=\"elementor-element elementor-element-82a1b21 elementor-widget elementor-widget-text-editor\" data-id=\"82a1b21\" data-element_type=\"widget\" data-widget_type=\"text-editor.default\"><div class=\"elementor-widget-container\"><div class=\"elementor-text-editor elementor-clearfix\"><h3><a href=\"https:\/\/www.calandretagapiana.fr\/postuler\/\">Etre parent \u00e0 la Calandreta<\/a>, c\u2019est s\u2019engager dans la vie de l\u2019\u00e9cole mais aussi, respecter le travail de l\u2019enseignant, form\u00e9 \u00e0 la p\u00e9dagogie Calandreta.<\/h3><p>Vous pouvez vous impliquer au niveau de l\u2019\u00e9cole mais aussi au niveau de la classe de votre enfant. La collaboration parents \u2013 enseignants peut se faire sous forme p\u00e9dagogique\u00a0par\u00a0:<br \/>\u2013 l\u2019intervention de parents dans la classe pour l\u2019animation d\u2019activit\u00e9s comme des ateliers ou projets ponctuels.<br \/>\u2013 la participation aux r\u00e9unions d\u2019information p\u00e9dagogique \u00e0 l\u2019initiative de l\u2019enseignant<br \/>\u2013 des rencontres \u00e0 th\u00e8mes<br \/>\u2013 l\u2019accompagnement lors des sorties.<\/p><\/div><\/div><\/div><div class=\"elementor-element elementor-element-3bf1932 elementor-widget elementor-widget-text-editor\" data-id=\"3bf1932\" data-element_type=\"widget\" data-widget_type=\"text-editor.default\"><div class=\"elementor-widget-container\"><div class=\"elementor-text-editor elementor-clearfix\"><p>A Calandreta, les m\u00e9thodes et les outils p\u00e9dagogiques sont parfois tr\u00e8s diff\u00e9rents de ce \u00e0 quoi nous sommes habitu\u00e9s, dans l\u2019enseignement traditionnel.<\/p><p>Vous constaterez assez vite que les enfants int\u00e8grent rapidement les notions de\u00a0<strong>confidentialit\u00e9<\/strong>\u00a0(un enfant qui raconte quelque chose de personnel au \u00ab\u00a0canton\u00a0\u00bb sait que son histoire ne sera pas racont\u00e9e dehors),\u00a0<strong>d\u2019organisation propre<\/strong>\u00a0(les r\u00e8gles de la classe s\u2019appliquent \u00e0 la classe, les r\u00e8gles de la maison s\u2019appliquent \u00e0 la maison), de<strong>\u00a0respect<\/strong>\u00a0(de l\u2019autre, des r\u00e8gles de la classe, de l\u2019environnement) et\u00a0<strong>d\u2019autonomie.\u00a0<\/strong><\/p><h3>\u00a0<\/h3><\/div><\/div><\/div>\t\t\t\t\t\t<\/div>\n\t\t\t\t<\/div>\n\t\t\t\t\t<\/div>\n\t\t<\/div>\n\t\t\t\t<div class=\"elementor-column elementor-col-50 elementor-top-column elementor-element elementor-element-0a9f072\" data-id=\"0a9f072\" data-element_type=\"column\">\n\t\t\t<div class=\"elementor-widget-wrap elementor-element-populated\">\n\t\t\t\t\t\t<div class=\"elementor-element elementor-element-cd9f4c3 elementor-widget elementor-widget-image\" data-id=\"cd9f4c3\" data-element_type=\"widget\" data-widget_type=\"image.default\">\n\t\t\t\t<div class=\"elementor-widget-container\">\n\t\t\t\t\t\t\t\t\t\t\t\t\t<img fetchpriority=\"high\" decoding=\"async\" width=\"1024\" height=\"768\" src=\"https:\/\/becarut.establiment.fr\/wp-content\/uploads\/2022\/05\/IMG_20220327_145349.jpg\" class=\"attachment-large size-large wp-image-936\" alt=\"\" \/>\t\t\t\t\t\t\t\t\t\t\t\t\t<\/div>\n\t\t\t\t<\/div>\n\t\t\t\t\t<\/div>\n\t\t<\/div>\n\t\t\t\t\t<\/div>\n\t\t<\/section>\n\t\t\t\t<\/div>\n\t\t","protected":false},"excerpt":{"rendered":"<p>Les Engagements des Parents Etre parent \u00e0 la Calandreta, c\u2019est s\u2019engager dans la vie de l\u2019\u00e9cole mais aussi, respecter le travail de l\u2019enseignant, form\u00e9 \u00e0 la p\u00e9dagogie Calandreta. Vous pouvez vous impliquer au niveau de l\u2019\u00e9cole mais aussi au niveau de la classe de votre enfant. La collaboration parents \u2013 enseignants peut se faire sous&hellip;&nbsp;<a href=\"https:\/\/becarut.establiment.fr\/?page_id=816\" class=\"\" rel=\"bookmark\">Lire la suite &raquo;<span class=\"screen-reader-text\">Les Engagements des Parents<\/span><\/a><\/p>\n","protected":false},"author":2,"featured_media":0,"parent":0,"menu_order":0,"comment_status":"closed","ping_status":"closed","template":"","meta":{"neve_meta_sidebar":"","neve_meta_container":"","neve_meta_enable_content_width":"","neve_meta_content_width":0,"neve_meta_title_alignment":"","neve_meta_author_avatar":"","neve_post_elements_order":"","neve_meta_disable_header":"","neve_meta_disable_footer":"","neve_meta_disable_title":"","footnotes":""},"class_list":["post-816","page","type-page","status-publish","hentry"],"_links":{"self":[{"href":"https:\/\/becarut.establiment.fr\/index.php?rest_route=\/wp\/v2\/pages\/816"}],"collection":[{"href":"https:\/\/becarut.establiment.fr\/index.php?rest_route=\/wp\/v2\/pages"}],"about":[{"href":"https:\/\/becarut.establiment.fr\/index.php?rest_route=\/wp\/v2\/types\/page"}],"author":[{"embeddable":true,"href":"https:\/\/becarut.establiment.fr\/index.php?rest_route=\/wp\/v2\/users\/2"}],"replies":[{"embeddable":true,"href":"https:\/\/becarut.establiment.fr\/index.php?rest_route=%2Fwp%2Fv2%2Fcomments&post=816"}],"version-history":[{"count":13,"href":"https:\/\/becarut.establiment.fr\/index.php?rest_route=\/wp\/v2\/pages\/816\/revisions"}],"predecessor-version":[{"id":939,"href":"https:\/\/becarut.establiment.fr\/index.php?rest_route=\/wp\/v2\/pages\/816\/revisions\/939"}],"wp:attachment":[{"href":"https:\/\/becarut.establiment.fr\/index.php?rest_route=%2Fwp%2Fv2%2Fmedia&parent=816"}],"curies":[{"name":"wp","href":"https:\/\/api.w.org\/{rel}","templated":true}]}}