{"id":759,"date":"2022-02-19T22:24:26","date_gmt":"2022-02-19T21:24:26","guid":{"rendered":"https:\/\/calandreta.establiment.fr\/becarut\/?page_id=759"},"modified":"2024-08-29T15:24:02","modified_gmt":"2024-08-29T13:24:02","slug":"horaires-et-cantine","status":"publish","type":"page","link":"https:\/\/becarut.establiment.fr\/?page_id=759","title":{"rendered":"Horaires et Cantine"},"content":{"rendered":"\t\t<div data-elementor-type=\"wp-page\" data-elementor-id=\"759\" class=\"elementor elementor-759\">\n\t\t\t\t\t\t<section class=\"elementor-section elementor-top-section elementor-element elementor-element-b091055 elementor-section-boxed elementor-section-height-default elementor-section-height-default\" data-id=\"b091055\" data-element_type=\"section\">\n\t\t\t\t\t\t<div class=\"elementor-container elementor-column-gap-default\">\n\t\t\t\t\t<div class=\"elementor-column elementor-col-50 elementor-top-column elementor-element elementor-element-2f3f704\" data-id=\"2f3f704\" data-element_type=\"column\">\n\t\t\t<div class=\"elementor-widget-wrap elementor-element-populated\">\n\t\t\t\t\t\t<div class=\"elementor-element elementor-element-1baaab5 elementor-widget elementor-widget-heading\" data-id=\"1baaab5\" data-element_type=\"widget\" data-widget_type=\"heading.default\">\n\t\t\t\t<div class=\"elementor-widget-container\">\n\t\t\t<h2 class=\"elementor-heading-title elementor-size-default\">Horaires et vacances<\/h2>\t\t<\/div>\n\t\t\t\t<\/div>\n\t\t\t\t\t<\/div>\n\t\t<\/div>\n\t\t\t\t<div class=\"elementor-column elementor-col-50 elementor-top-column elementor-element elementor-element-9eb0f40\" data-id=\"9eb0f40\" data-element_type=\"column\">\n\t\t\t<div class=\"elementor-widget-wrap\">\n\t\t\t\t\t\t\t<\/div>\n\t\t<\/div>\n\t\t\t\t\t<\/div>\n\t\t<\/section>\n\t\t\t\t<section class=\"elementor-section elementor-top-section elementor-element elementor-element-95a4a10 elementor-section-boxed elementor-section-height-default elementor-section-height-default\" data-id=\"95a4a10\" data-element_type=\"section\">\n\t\t\t\t\t\t<div class=\"elementor-container elementor-column-gap-default\">\n\t\t\t\t\t<div class=\"elementor-column elementor-col-50 elementor-top-column elementor-element elementor-element-a5179fa\" data-id=\"a5179fa\" data-element_type=\"column\">\n\t\t\t<div class=\"elementor-widget-wrap elementor-element-populated\">\n\t\t\t\t\t\t<div class=\"elementor-element elementor-element-775e49d elementor-widget elementor-widget-text-editor\" data-id=\"775e49d\" data-element_type=\"widget\" data-widget_type=\"text-editor.default\">\n\t\t\t\t<div class=\"elementor-widget-container\">\n\t\t\t\t\t\t\t<p>L&rsquo;accueil des enfants se fait les Lundis, Mardis, Jeudis et Vendredis.<\/p><p><strong>Horaires de classe: 8h50 &#8211; 11h50 \/ 14h &#8211; 17h<\/strong><strong style=\"color: var( --e-global-color-text ); font-family: var( --e-global-typography-text-font-family ), Sans-serif; background-color: var(--nv-site-bg); font-size: var(--bodyfontsize); letter-spacing: var(--bodyletterspacing); text-transform: var(--bodytexttransform);\">\u00a0<\/strong><\/p><p><span style=\"text-decoration: underline;\"><strong>Garderie:<\/strong><\/span><\/p><p>Un service de garderie matin et soir est mis en place en fonction des besoins des parents.<\/p><p><strong>Matin: 7h30 &#8211; 8h50<\/strong><\/p><p><strong>Soir: 17h00 &#8211; 18h00<\/strong><\/p><p><span style=\"text-decoration: underline;\"><strong>Vacances scolaires de la zone C:<\/strong><\/span><\/p><p>Vacances d&rsquo;automne &#8211; du samedi 19 octobre 2024 au lundi 4 novembre 2024<\/p><p>Vacances de No\u00ebl &#8211; du samedi 21 d\u00e9cembre 2024 au lundi 6 janvier 2025<\/p><p>Vacances d&rsquo;hiver &#8211; du samedi 15 f\u00e9vrier 2025 au lundi 3 mars 2025<\/p><p>Vacances de printemps &#8211; du samedi 12 avril 2025 au lundi 28 avril 2025<\/p><p>Vacances d&rsquo;\u00e9t\u00e9 &#8211; samedi 5 juillet 2025<\/p>\t\t\t\t\t\t<\/div>\n\t\t\t\t<\/div>\n\t\t\t\t\t<\/div>\n\t\t<\/div>\n\t\t\t\t<div class=\"elementor-column elementor-col-50 elementor-top-column elementor-element elementor-element-3e73881\" data-id=\"3e73881\" data-element_type=\"column\">\n\t\t\t<div class=\"elementor-widget-wrap\">\n\t\t\t\t\t\t\t<\/div>\n\t\t<\/div>\n\t\t\t\t\t<\/div>\n\t\t<\/section>\n\t\t\t\t<section class=\"elementor-section elementor-top-section elementor-element elementor-element-90f4149 elementor-section-boxed elementor-section-height-default elementor-section-height-default\" data-id=\"90f4149\" data-element_type=\"section\">\n\t\t\t\t\t\t<div class=\"elementor-container elementor-column-gap-default\">\n\t\t\t\t\t<div class=\"elementor-column elementor-col-50 elementor-top-column elementor-element elementor-element-63270c5\" data-id=\"63270c5\" data-element_type=\"column\">\n\t\t\t<div class=\"elementor-widget-wrap elementor-element-populated\">\n\t\t\t\t\t\t<div class=\"elementor-element elementor-element-82bd89c elementor-widget elementor-widget-image\" data-id=\"82bd89c\" data-element_type=\"widget\" data-widget_type=\"image.default\">\n\t\t\t\t<div class=\"elementor-widget-container\">\n\t\t\t\t\t\t\t\t\t\t\t\t\t<img fetchpriority=\"high\" decoding=\"async\" width=\"1024\" height=\"621\" src=\"https:\/\/becarut.establiment.fr\/wp-content\/uploads\/2022\/10\/Cantine.jpg\" class=\"attachment-large size-large wp-image-1442\" alt=\"\" \/>\t\t\t\t\t\t\t\t\t\t\t\t\t<\/div>\n\t\t\t\t<\/div>\n\t\t\t\t\t<\/div>\n\t\t<\/div>\n\t\t\t\t<div class=\"elementor-column elementor-col-50 elementor-top-column elementor-element elementor-element-76c7c90\" data-id=\"76c7c90\" data-element_type=\"column\">\n\t\t\t<div class=\"elementor-widget-wrap elementor-element-populated\">\n\t\t\t\t\t\t<div class=\"elementor-element elementor-element-4465552 elementor-widget elementor-widget-heading\" data-id=\"4465552\" data-element_type=\"widget\" data-widget_type=\"heading.default\">\n\t\t\t\t<div class=\"elementor-widget-container\">\n\t\t\t<h2 class=\"elementor-heading-title elementor-size-default\">Cantine<\/h2>\t\t<\/div>\n\t\t\t\t<\/div>\n\t\t\t\t<div class=\"elementor-element elementor-element-5b97549 elementor-widget elementor-widget-text-editor\" data-id=\"5b97549\" data-element_type=\"widget\" data-widget_type=\"text-editor.default\">\n\t\t\t\t<div class=\"elementor-widget-container\">\n\t\t\t\t\t\t\t<p>Un service de cantine avec garderie est assur\u00e9 les jours d&rsquo;ouverture de l&rsquo;\u00e9cole de <strong>11h50 \u00e0 14h00.<\/strong><\/p><p>Tous les mois, il vous est demand\u00e9 vos besoin de cantine pour le mois \u00e0 venir.<\/p><p><strong>Tarif: 4,40\u20ac<\/strong><\/p>\t\t\t\t\t\t<\/div>\n\t\t\t\t<\/div>\n\t\t\t\t\t<\/div>\n\t\t<\/div>\n\t\t\t\t\t<\/div>\n\t\t<\/section>\n\t\t\t\t<section class=\"elementor-section elementor-top-section elementor-element elementor-element-db21073 elementor-section-boxed elementor-section-height-default elementor-section-height-default\" data-id=\"db21073\" data-element_type=\"section\">\n\t\t\t\t\t\t<div class=\"elementor-container elementor-column-gap-default\">\n\t\t\t\t\t<div class=\"elementor-column elementor-col-50 elementor-top-column elementor-element elementor-element-e0be614\" data-id=\"e0be614\" data-element_type=\"column\">\n\t\t\t<div class=\"elementor-widget-wrap elementor-element-populated\">\n\t\t\t\t\t\t<div class=\"elementor-element elementor-element-8f52061 elementor-widget elementor-widget-heading\" data-id=\"8f52061\" data-element_type=\"widget\" data-widget_type=\"heading.default\">\n\t\t\t\t<div class=\"elementor-widget-container\">\n\t\t\t<h2 class=\"elementor-heading-title elementor-size-default\">Les menus en un clic<\/h2>\t\t<\/div>\n\t\t\t\t<\/div>\n\t\t\t\t\t<\/div>\n\t\t<\/div>\n\t\t\t\t<div class=\"elementor-column elementor-col-50 elementor-top-column elementor-element elementor-element-05e7ce7\" data-id=\"05e7ce7\" data-element_type=\"column\">\n\t\t\t<div class=\"elementor-widget-wrap\">\n\t\t\t\t\t\t\t<\/div>\n\t\t<\/div>\n\t\t\t\t\t<\/div>\n\t\t<\/section>\n\t\t\t\t<section class=\"elementor-section elementor-top-section elementor-element elementor-element-1ae5d0b elementor-section-boxed elementor-section-height-default elementor-section-height-default\" data-id=\"1ae5d0b\" data-element_type=\"section\">\n\t\t\t\t\t\t<div class=\"elementor-container elementor-column-gap-default\">\n\t\t\t\t\t<div class=\"elementor-column elementor-col-50 elementor-top-column elementor-element elementor-element-5e0b1b9\" data-id=\"5e0b1b9\" data-element_type=\"column\">\n\t\t\t<div class=\"elementor-widget-wrap elementor-element-populated\">\n\t\t\t\t\t\t<div class=\"elementor-element elementor-element-86c9ba8 elementor-widget elementor-widget-text-editor\" data-id=\"86c9ba8\" data-element_type=\"widget\" data-widget_type=\"text-editor.default\">\n\t\t\t\t<div class=\"elementor-widget-container\">\n\t\t\t\t\t\t\t<p><blockquote class=\"wp-embedded-content\" data-secret=\"A6hWZKPxI4\"><a href=\"https:\/\/guy-barboteu-restauration.fr\/restauration-collective\/\">Collectivit\u00e9s<\/a><\/blockquote><iframe class=\"wp-embedded-content\" sandbox=\"allow-scripts\" security=\"restricted\" style=\"position: absolute; clip: rect(1px, 1px, 1px, 1px);\" title=\"\u00ab\u00a0Collectivit\u00e9s\u00a0\u00bb &#8212; Guy Barboteu Restauration\" src=\"https:\/\/guy-barboteu-restauration.fr\/restauration-collective\/embed\/#?secret=8JK0HAcX31#?secret=A6hWZKPxI4\" data-secret=\"A6hWZKPxI4\" width=\"600\" height=\"338\" frameborder=\"0\" marginwidth=\"0\" marginheight=\"0\" scrolling=\"no\"><\/iframe><\/p>\t\t\t\t\t\t<\/div>\n\t\t\t\t<\/div>\n\t\t\t\t\t<\/div>\n\t\t<\/div>\n\t\t\t\t<div class=\"elementor-column elementor-col-50 elementor-top-column elementor-element elementor-element-06e4028\" data-id=\"06e4028\" data-element_type=\"column\">\n\t\t\t<div class=\"elementor-widget-wrap elementor-element-populated\">\n\t\t\t\t\t\t<div class=\"elementor-element elementor-element-0ed99ae elementor-widget elementor-widget-image\" data-id=\"0ed99ae\" data-element_type=\"widget\" data-widget_type=\"image.default\">\n\t\t\t\t<div class=\"elementor-widget-container\">\n\t\t\t\t\t\t\t\t\t\t\t\t\t<img decoding=\"async\" width=\"175\" height=\"229\" src=\"https:\/\/becarut.establiment.fr\/wp-content\/uploads\/2022\/08\/guy-barboteu-logo2018.png\" class=\"attachment-large size-large wp-image-1319\" alt=\"\" \/>\t\t\t\t\t\t\t\t\t\t\t\t\t<\/div>\n\t\t\t\t<\/div>\n\t\t\t\t\t<\/div>\n\t\t<\/div>\n\t\t\t\t\t<\/div>\n\t\t<\/section>\n\t\t\t\t<\/div>\n\t\t","protected":false},"excerpt":{"rendered":"<p>Horaires et vacances L&rsquo;accueil des enfants se fait les Lundis, Mardis, Jeudis et Vendredis. Horaires de classe: 8h50 &#8211; 11h50 \/ 14h &#8211; 17h\u00a0 Garderie: Un service de garderie matin et soir est mis en place en fonction des besoins des parents. Matin: 7h30 &#8211; 8h50 Soir: 17h00 &#8211; 18h00 Vacances scolaires de la zone&hellip;&nbsp;<a href=\"https:\/\/becarut.establiment.fr\/?page_id=759\" class=\"\" rel=\"bookmark\">Lire la suite &raquo;<span class=\"screen-reader-text\">Horaires et Cantine<\/span><\/a><\/p>\n","protected":false},"author":2,"featured_media":0,"parent":0,"menu_order":0,"comment_status":"closed","ping_status":"closed","template":"","meta":{"neve_meta_sidebar":"","neve_meta_container":"","neve_meta_enable_content_width":"","neve_meta_content_width":0,"neve_meta_title_alignment":"","neve_meta_author_avatar":"","neve_post_elements_order":"","neve_meta_disable_header":"","neve_meta_disable_footer":"","neve_meta_disable_title":"","footnotes":""},"class_list":["post-759","page","type-page","status-publish","hentry"],"_links":{"self":[{"href":"https:\/\/becarut.establiment.fr\/index.php?rest_route=\/wp\/v2\/pages\/759"}],"collection":[{"href":"https:\/\/becarut.establiment.fr\/index.php?rest_route=\/wp\/v2\/pages"}],"about":[{"href":"https:\/\/becarut.establiment.fr\/index.php?rest_route=\/wp\/v2\/types\/page"}],"author":[{"embeddable":true,"href":"https:\/\/becarut.establiment.fr\/index.php?rest_route=\/wp\/v2\/users\/2"}],"replies":[{"embeddable":true,"href":"https:\/\/becarut.establiment.fr\/index.php?rest_route=%2Fwp%2Fv2%2Fcomments&post=759"}],"version-history":[{"count":94,"href":"https:\/\/becarut.establiment.fr\/index.php?rest_route=\/wp\/v2\/pages\/759\/revisions"}],"predecessor-version":[{"id":2084,"href":"https:\/\/becarut.establiment.fr\/index.php?rest_route=\/wp\/v2\/pages\/759\/revisions\/2084"}],"wp:attachment":[{"href":"https:\/\/becarut.establiment.fr\/index.php?rest_route=%2Fwp%2Fv2%2Fmedia&parent=759"}],"curies":[{"name":"wp","href":"https:\/\/api.w.org\/{rel}","templated":true}]}}