{"id":717,"date":"2022-02-19T14:14:14","date_gmt":"2022-02-19T13:14:14","guid":{"rendered":"https:\/\/calandreta.establiment.fr\/becarut\/?page_id=717"},"modified":"2024-01-15T21:46:19","modified_gmt":"2024-01-15T20:46:19","slug":"tarifs","status":"publish","type":"page","link":"https:\/\/becarut.establiment.fr\/?page_id=717","title":{"rendered":"Tarifs"},"content":{"rendered":"\t\t<div data-elementor-type=\"wp-page\" data-elementor-id=\"717\" class=\"elementor elementor-717\">\n\t\t\t\t\t\t<section class=\"elementor-section elementor-top-section elementor-element elementor-element-ba48454 elementor-section-boxed elementor-section-height-default elementor-section-height-default\" data-id=\"ba48454\" data-element_type=\"section\">\n\t\t\t\t\t\t<div class=\"elementor-container elementor-column-gap-default\">\n\t\t\t\t\t<div class=\"elementor-column elementor-col-100 elementor-top-column elementor-element elementor-element-c6d3e2e\" data-id=\"c6d3e2e\" data-element_type=\"column\">\n\t\t\t<div class=\"elementor-widget-wrap elementor-element-populated\">\n\t\t\t\t\t\t<div class=\"elementor-element elementor-element-fb76410 elementor-widget elementor-widget-heading\" data-id=\"fb76410\" data-element_type=\"widget\" data-widget_type=\"heading.default\">\n\t\t\t\t<div class=\"elementor-widget-container\">\n\t\t\t<h2 class=\"elementor-heading-title elementor-size-default\">Tarifs<\/h2>\t\t<\/div>\n\t\t\t\t<\/div>\n\t\t\t\t\t<\/div>\n\t\t<\/div>\n\t\t\t\t\t<\/div>\n\t\t<\/section>\n\t\t\t\t<section class=\"elementor-section elementor-top-section elementor-element elementor-element-c7a7c5f elementor-section-boxed elementor-section-height-default elementor-section-height-default\" data-id=\"c7a7c5f\" data-element_type=\"section\">\n\t\t\t\t\t\t<div class=\"elementor-container elementor-column-gap-default\">\n\t\t\t\t\t<div class=\"elementor-column elementor-col-50 elementor-top-column elementor-element elementor-element-7e5d2a8\" data-id=\"7e5d2a8\" data-element_type=\"column\">\n\t\t\t<div class=\"elementor-widget-wrap elementor-element-populated\">\n\t\t\t\t\t\t<div class=\"elementor-element elementor-element-f0f5a68 elementor-widget elementor-widget-text-editor\" data-id=\"f0f5a68\" data-element_type=\"widget\" data-widget_type=\"text-editor.default\">\n\t\t\t\t<div class=\"elementor-widget-container\">\n\t\t\t\t\t\t\t<p>Si notre institutrice est r\u00e9mun\u00e9r\u00e9e par l&rsquo;Education Nationale, tous les autres frais sont \u00e0 la charge de l&rsquo;Association Calandreta Lo Becarut.<\/p><p>La commune de Sigean apporte un soutien indispensable au bon fonctionnement de l&rsquo;\u00e9cole en nous fournissant les locaux.<\/p><p>Toutes les autres charges telles que le salaire des ASEM, le mat\u00e9riel p\u00e9dagogique et frais divers sont port\u00e9s par l&rsquo;Association.<\/p><p><strong>La cotisation annuelle est fix\u00e9e en fonction de votre Coefficient Familial et varie entre 372\u20ac et 412\u20ac.\u00a0<\/strong><\/p><p>L&rsquo;adh\u00e9sion comprend l&rsquo;adh\u00e9sion \u00e0 3 associations qui ont toutes leur importance et permettent de faire b\u00e9n\u00e9ficier l&rsquo;\u00e9cole du soutien de fonctionnement du r\u00e9seau Calandreta.<\/p><ul><li>Frais de scolarit\u00e9 et adh\u00e9sion \u00e0 l&rsquo;association Calandreta Lo Becarut<\/li><li>Cotisation revers\u00e9e \u00e0 la <a href=\"http:\/\/calandreta.org\/\" target=\"_blank\" rel=\"noopener\">Conf\u00e9d\u00e9ration des \u00e9coles Calandreta<\/a><\/li><li>Cotisation revers\u00e9e \u00e0 la F\u00e9d\u00e9ration R\u00e9gionale des \u00e9coles Calandreta<\/li><\/ul><p>Pour permettre l&rsquo;accueil de toutes les familles qui le souhaitent, sans barri\u00e8re financi\u00e8re, les Associations Calandreta, ou plut\u00f4t les parents qui les composent, redoublent d&rsquo;ing\u00e9niosit\u00e9 et d&rsquo;\u00e9nergie pour financer leur \u00e9cole.<\/p><p><strong> Les parents doivent \u00eatre actifs, impliqu\u00e9s et engag\u00e9s!<\/strong><\/p><p><strong>Nous vous invitons \u00e0 lire attentivement les \u00e9l\u00e9ments li\u00e9s au fonctionnement associatif, si vous envisagez de vous lancer dans l&rsquo;aventure Calandreta.<\/strong><\/p>\t\t\t\t\t\t<\/div>\n\t\t\t\t<\/div>\n\t\t\t\t\t<\/div>\n\t\t<\/div>\n\t\t\t\t<div class=\"elementor-column elementor-col-50 elementor-top-column elementor-element elementor-element-ca2a7ae\" data-id=\"ca2a7ae\" data-element_type=\"column\">\n\t\t\t<div class=\"elementor-widget-wrap\">\n\t\t\t\t\t\t\t<\/div>\n\t\t<\/div>\n\t\t\t\t\t<\/div>\n\t\t<\/section>\n\t\t\t\t<\/div>\n\t\t","protected":false},"excerpt":{"rendered":"<p>Tarifs Si notre institutrice est r\u00e9mun\u00e9r\u00e9e par l&rsquo;Education Nationale, tous les autres frais sont \u00e0 la charge de l&rsquo;Association Calandreta Lo Becarut. La commune de Sigean apporte un soutien indispensable au bon fonctionnement de l&rsquo;\u00e9cole en nous fournissant les locaux. Toutes les autres charges telles que le salaire des ASEM, le mat\u00e9riel p\u00e9dagogique et frais&hellip;&nbsp;<a href=\"https:\/\/becarut.establiment.fr\/?page_id=717\" class=\"\" rel=\"bookmark\">Lire la suite &raquo;<span class=\"screen-reader-text\">Tarifs<\/span><\/a><\/p>\n","protected":false},"author":2,"featured_media":0,"parent":0,"menu_order":0,"comment_status":"closed","ping_status":"closed","template":"","meta":{"neve_meta_sidebar":"","neve_meta_container":"","neve_meta_enable_content_width":"","neve_meta_content_width":0,"neve_meta_title_alignment":"","neve_meta_author_avatar":"","neve_post_elements_order":"","neve_meta_disable_header":"","neve_meta_disable_footer":"","neve_meta_disable_title":"","footnotes":""},"class_list":["post-717","page","type-page","status-publish","hentry"],"_links":{"self":[{"href":"https:\/\/becarut.establiment.fr\/index.php?rest_route=\/wp\/v2\/pages\/717"}],"collection":[{"href":"https:\/\/becarut.establiment.fr\/index.php?rest_route=\/wp\/v2\/pages"}],"about":[{"href":"https:\/\/becarut.establiment.fr\/index.php?rest_route=\/wp\/v2\/types\/page"}],"author":[{"embeddable":true,"href":"https:\/\/becarut.establiment.fr\/index.php?rest_route=\/wp\/v2\/users\/2"}],"replies":[{"embeddable":true,"href":"https:\/\/becarut.establiment.fr\/index.php?rest_route=%2Fwp%2Fv2%2Fcomments&post=717"}],"version-history":[{"count":19,"href":"https:\/\/becarut.establiment.fr\/index.php?rest_route=\/wp\/v2\/pages\/717\/revisions"}],"predecessor-version":[{"id":2036,"href":"https:\/\/becarut.establiment.fr\/index.php?rest_route=\/wp\/v2\/pages\/717\/revisions\/2036"}],"wp:attachment":[{"href":"https:\/\/becarut.establiment.fr\/index.php?rest_route=%2Fwp%2Fv2%2Fmedia&parent=717"}],"curies":[{"name":"wp","href":"https:\/\/api.w.org\/{rel}","templated":true}]}}