{"id":709,"date":"2022-02-19T13:51:07","date_gmt":"2022-02-19T12:51:07","guid":{"rendered":"https:\/\/calandreta.establiment.fr\/becarut\/?page_id=709"},"modified":"2024-01-15T21:41:24","modified_gmt":"2024-01-15T20:41:24","slug":"inscripcion","status":"publish","type":"page","link":"https:\/\/becarut.establiment.fr\/?page_id=709","title":{"rendered":"Inscripcion"},"content":{"rendered":"\t\t<div data-elementor-type=\"wp-page\" data-elementor-id=\"709\" class=\"elementor elementor-709\">\n\t\t\t\t\t\t<section class=\"elementor-section elementor-top-section elementor-element elementor-element-979b995 elementor-section-boxed elementor-section-height-default elementor-section-height-default\" data-id=\"979b995\" data-element_type=\"section\">\n\t\t\t\t\t\t<div class=\"elementor-container elementor-column-gap-default\">\n\t\t\t\t\t<div class=\"elementor-column elementor-col-50 elementor-top-column elementor-element elementor-element-c5084dc\" data-id=\"c5084dc\" data-element_type=\"column\">\n\t\t\t<div class=\"elementor-widget-wrap elementor-element-populated\">\n\t\t\t\t\t\t<div class=\"elementor-element elementor-element-61b68da elementor-widget elementor-widget-heading\" data-id=\"61b68da\" data-element_type=\"widget\" data-widget_type=\"heading.default\">\n\t\t\t\t<div class=\"elementor-widget-container\">\n\t\t\t<h2 class=\"elementor-heading-title elementor-size-default\">Inscripcion<\/h2>\t\t<\/div>\n\t\t\t\t<\/div>\n\t\t\t\t\t<\/div>\n\t\t<\/div>\n\t\t\t\t<div class=\"elementor-column elementor-col-50 elementor-top-column elementor-element elementor-element-6c8b0c7\" data-id=\"6c8b0c7\" data-element_type=\"column\">\n\t\t\t<div class=\"elementor-widget-wrap\">\n\t\t\t\t\t\t\t<\/div>\n\t\t<\/div>\n\t\t\t\t\t<\/div>\n\t\t<\/section>\n\t\t\t\t<section class=\"elementor-section elementor-top-section elementor-element elementor-element-32aa449 elementor-section-boxed elementor-section-height-default elementor-section-height-default\" data-id=\"32aa449\" data-element_type=\"section\">\n\t\t\t\t\t\t<div class=\"elementor-container elementor-column-gap-default\">\n\t\t\t\t\t<div class=\"elementor-column elementor-col-50 elementor-top-column elementor-element elementor-element-2a4e9d7\" data-id=\"2a4e9d7\" data-element_type=\"column\">\n\t\t\t<div class=\"elementor-widget-wrap elementor-element-populated\">\n\t\t\t\t\t\t<div class=\"elementor-element elementor-element-94d18a5 elementor-widget elementor-widget-text-editor\" data-id=\"94d18a5\" data-element_type=\"widget\" data-widget_type=\"text-editor.default\">\n\t\t\t\t<div class=\"elementor-widget-container\">\n\t\t\t\t\t\t\t<p><strong>Vous souhaitez scolariser votre enfant en Calandreta, contactez-nous!<\/strong><\/p><p>Nous organisons des portes ouvertes tous les ans. Vous pouvez profiter de ces journ\u00e9es pour venir nous rencontrer ou prendre rendez-vous.<\/p><p>Vous serez re\u00e7us par un parent membre du Conseil d&rsquo;Administration de l&rsquo;\u00e9cole et la directrice. Ils vous pr\u00e9senteront l&rsquo;\u00e9cole, le projet p\u00e9dagogique et le fonctionnement associatif.<\/p><p>Vous pourrez discuter des modalit\u00e9s d&rsquo;accueil de votre enfant en fonction de son \u00e2ge et de son int\u00e9gration au sein de la classe<\/p><p><strong>Vous \u00eates s\u00e9duits, t\u00e9l\u00e9chargez le dossier d&rsquo;inscription!<\/strong><\/p>\t\t\t\t\t\t<\/div>\n\t\t\t\t<\/div>\n\t\t\t\t\t<\/div>\n\t\t<\/div>\n\t\t\t\t<div class=\"elementor-column elementor-col-50 elementor-top-column elementor-element elementor-element-96c70b1\" data-id=\"96c70b1\" data-element_type=\"column\">\n\t\t\t<div class=\"elementor-widget-wrap\">\n\t\t\t\t\t\t\t<\/div>\n\t\t<\/div>\n\t\t\t\t\t<\/div>\n\t\t<\/section>\n\t\t\t\t<\/div>\n\t\t","protected":false},"excerpt":{"rendered":"<p>Inscripcion Vous souhaitez scolariser votre enfant en Calandreta, contactez-nous! Nous organisons des portes ouvertes tous les ans. Vous pouvez profiter de ces journ\u00e9es pour venir nous rencontrer ou prendre rendez-vous. Vous serez re\u00e7us par un parent membre du Conseil d&rsquo;Administration de l&rsquo;\u00e9cole et la directrice. Ils vous pr\u00e9senteront l&rsquo;\u00e9cole, le projet p\u00e9dagogique et le fonctionnement&hellip;&nbsp;<a href=\"https:\/\/becarut.establiment.fr\/?page_id=709\" class=\"\" rel=\"bookmark\">Lire la suite &raquo;<span class=\"screen-reader-text\">Inscripcion<\/span><\/a><\/p>\n","protected":false},"author":2,"featured_media":0,"parent":0,"menu_order":0,"comment_status":"closed","ping_status":"closed","template":"elementor_header_footer","meta":{"neve_meta_sidebar":"","neve_meta_container":"","neve_meta_enable_content_width":"","neve_meta_content_width":0,"neve_meta_title_alignment":"","neve_meta_author_avatar":"","neve_post_elements_order":"","neve_meta_disable_header":"","neve_meta_disable_footer":"","neve_meta_disable_title":"","footnotes":""},"class_list":["post-709","page","type-page","status-publish","hentry"],"_links":{"self":[{"href":"https:\/\/becarut.establiment.fr\/index.php?rest_route=\/wp\/v2\/pages\/709"}],"collection":[{"href":"https:\/\/becarut.establiment.fr\/index.php?rest_route=\/wp\/v2\/pages"}],"about":[{"href":"https:\/\/becarut.establiment.fr\/index.php?rest_route=\/wp\/v2\/types\/page"}],"author":[{"embeddable":true,"href":"https:\/\/becarut.establiment.fr\/index.php?rest_route=\/wp\/v2\/users\/2"}],"replies":[{"embeddable":true,"href":"https:\/\/becarut.establiment.fr\/index.php?rest_route=%2Fwp%2Fv2%2Fcomments&post=709"}],"version-history":[{"count":16,"href":"https:\/\/becarut.establiment.fr\/index.php?rest_route=\/wp\/v2\/pages\/709\/revisions"}],"predecessor-version":[{"id":2029,"href":"https:\/\/becarut.establiment.fr\/index.php?rest_route=\/wp\/v2\/pages\/709\/revisions\/2029"}],"wp:attachment":[{"href":"https:\/\/becarut.establiment.fr\/index.php?rest_route=%2Fwp%2Fv2%2Fmedia&parent=709"}],"curies":[{"name":"wp","href":"https:\/\/api.w.org\/{rel}","templated":true}]}}