{"id":1532,"date":"2023-01-16T09:46:42","date_gmt":"2023-01-16T08:46:42","guid":{"rendered":"https:\/\/calandreta.establiment.fr\/becarut\/?page_id=1532"},"modified":"2023-07-20T08:16:46","modified_gmt":"2023-07-20T06:16:46","slug":"animacions-passadas","status":"publish","type":"page","link":"https:\/\/becarut.establiment.fr\/?page_id=1532","title":{"rendered":"animacions passadas"},"content":{"rendered":"\t\t<div data-elementor-type=\"wp-page\" data-elementor-id=\"1532\" class=\"elementor elementor-1532\">\n\t\t\t\t\t\t<section class=\"elementor-section elementor-top-section elementor-element elementor-element-32f5caa elementor-section-boxed elementor-section-height-default elementor-section-height-default\" data-id=\"32f5caa\" data-element_type=\"section\">\n\t\t\t\t\t\t<div class=\"elementor-container elementor-column-gap-default\">\n\t\t\t\t\t<div class=\"elementor-column elementor-col-100 elementor-top-column elementor-element elementor-element-184bb27\" data-id=\"184bb27\" data-element_type=\"column\">\n\t\t\t<div class=\"elementor-widget-wrap elementor-element-populated\">\n\t\t\t\t\t\t<div class=\"elementor-element elementor-element-d303e4c elementor-widget elementor-widget-heading\" data-id=\"d303e4c\" data-element_type=\"widget\" data-widget_type=\"heading.default\">\n\t\t\t\t<div class=\"elementor-widget-container\">\n\t\t\t<h1 class=\"elementor-heading-title elementor-size-default\">Animacions passadas<\/h1>\t\t<\/div>\n\t\t\t\t<\/div>\n\t\t\t\t\t<\/div>\n\t\t<\/div>\n\t\t\t\t\t<\/div>\n\t\t<\/section>\n\t\t\t\t<section class=\"elementor-section elementor-top-section elementor-element elementor-element-9fb08a1 elementor-section-boxed elementor-section-height-default elementor-section-height-default\" data-id=\"9fb08a1\" data-element_type=\"section\">\n\t\t\t\t\t\t<div class=\"elementor-container elementor-column-gap-default\">\n\t\t\t\t\t<div class=\"elementor-column elementor-col-100 elementor-top-column elementor-element elementor-element-2d9a26f\" data-id=\"2d9a26f\" data-element_type=\"column\">\n\t\t\t<div class=\"elementor-widget-wrap elementor-element-populated\">\n\t\t\t\t\t\t<div class=\"elementor-element elementor-element-12ecb02 elementor-widget elementor-widget-text-editor\" data-id=\"12ecb02\" data-element_type=\"widget\" data-widget_type=\"text-editor.default\">\n\t\t\t\t<div class=\"elementor-widget-container\">\n\t\t\t\t\t\t\t<p>\u00a0<\/p><p>Aic\u00ed daissam la tra\u00e7a de qualques animacions passadas.<\/p><p>Per permetre al visitaire de saber \u00e7\u00f2 que nos fas\u00e8m.<\/p>\t\t\t\t\t\t<\/div>\n\t\t\t\t<\/div>\n\t\t\t\t\t<\/div>\n\t\t<\/div>\n\t\t\t\t\t<\/div>\n\t\t<\/section>\n\t\t\t\t<section class=\"elementor-section elementor-top-section elementor-element elementor-element-994f272 elementor-section-boxed elementor-section-height-default elementor-section-height-default\" data-id=\"994f272\" data-element_type=\"section\">\n\t\t\t\t\t\t<div class=\"elementor-container elementor-column-gap-default\">\n\t\t\t\t\t<div class=\"elementor-column elementor-col-100 elementor-top-column elementor-element elementor-element-b96234c\" data-id=\"b96234c\" data-element_type=\"column\">\n\t\t\t<div class=\"elementor-widget-wrap elementor-element-populated\">\n\t\t\t\t\t\t<div class=\"elementor-element elementor-element-71b4d8b elementor-widget elementor-widget-text-editor\" data-id=\"71b4d8b\" data-element_type=\"widget\" data-widget_type=\"text-editor.default\">\n\t\t\t\t<div class=\"elementor-widget-container\">\n\t\t\t\t\t\t\t<h4 lang=\"fr-FR\"><span style=\"font-size: large;\">Sorties de fin d&rsquo;ann\u00e9e pour une \u00e9quipe de calandrons surexcit\u00e9s.<\/span><\/h4>\t\t\t\t\t\t<\/div>\n\t\t\t\t<\/div>\n\t\t\t\t\t<\/div>\n\t\t<\/div>\n\t\t\t\t\t<\/div>\n\t\t<\/section>\n\t\t\t\t<section class=\"elementor-section elementor-top-section elementor-element elementor-element-7735030 elementor-section-boxed elementor-section-height-default elementor-section-height-default\" data-id=\"7735030\" data-element_type=\"section\">\n\t\t\t\t\t\t<div class=\"elementor-container elementor-column-gap-default\">\n\t\t\t\t\t<div class=\"elementor-column elementor-col-100 elementor-top-column elementor-element elementor-element-662dc34\" data-id=\"662dc34\" data-element_type=\"column\">\n\t\t\t<div class=\"elementor-widget-wrap elementor-element-populated\">\n\t\t\t\t\t\t<div class=\"elementor-element elementor-element-9a07aac elementor-widget elementor-widget-text-editor\" data-id=\"9a07aac\" data-element_type=\"widget\" data-widget_type=\"text-editor.default\">\n\t\t\t\t<div class=\"elementor-widget-container\">\n\t\t\t\t\t\t\t<p lang=\"fr-FR\"><span style=\"color: #1d1d1d; font-size: 12pt; font-family: Arial, Helvetica, sans-serif;\">Deux grandes \u00e9quip\u00e9es se sont succ\u00e9d\u00e9es. Celle de Bessiles (\u00e0 Montagnac) et celle de Leucate.<\/span><\/p><p lang=\"fr-FR\"><span style=\"color: #1d1d1d; font-size: 12pt; font-family: Arial, Helvetica, sans-serif;\">Autant dire que les pitchons en ont profit\u00e9. \u00c0 Bessilles ils ont rencontr\u00e9 d\u2019autres calandrons. Ils ont aussi profit\u00e9 de cette sortie pour se rendre compte que l\u2019occitan est bien une langue vivante. Du coup la mienne parle m\u00eame \u00e0 la maison en occitan ! Pour jouer. Avant c\u2019\u00e9tait seulement \u00e0 la calandreta. Maintenant elle fait la carte au tr\u00e9sor en Occitan ! De but en blanc comme \u00e7a sans pr\u00e9venir\u2026 C\u2019est cool !<\/span><\/p><p lang=\"fr-FR\"><span style=\"color: #1d1d1d; font-size: 12pt; font-family: Arial, Helvetica, sans-serif;\">\u00c0 Leucate c\u2019est l\u2019univers du cerf-volant et de la nature qui se sont ouverts \u00e0 eux. Ils ont pu\u00a0fabriquer le leur. Sur un mod\u00e8le classique qui vole \u00e0 coup s\u00fbr !<\/span><\/p><p lang=\"fr-FR\"><span style=\"color: #1d1d1d; font-size: 12pt; font-family: Arial, Helvetica, sans-serif;\">Bien \u00e9videmment l\u2019appel de la mer\u2026 Autant dire que bien plus d\u2019un s\u2019est jet\u00e9 \u00e0 l\u2019eau !<\/span><\/p><p><span style=\"color: #1d1d1d; font-size: 12pt; font-family: Arial, Helvetica, sans-serif;\">C\u2019est quand on les voit tous dans un cadre inhabituel, comme ces deux sorties, que l\u2019on comprend mieux pourquoi il fallait autant d\u2019encadrants ! Les parents volontaires ont \u00e9t\u00e9\u00a0particuli\u00e8rement efficaces. L\u00e0, oui l\u00e0, est comprise la diff\u00e9rence entre une classe en pleine nature et une classe entre les murs ! En bref, un grand remerciement \u00e0 tous les parents qui sont venus.<\/span><\/p><p lang=\"fr-FR\"><span style=\"color: #1d1d1d; font-size: 12pt; font-family: Arial, Helvetica, sans-serif;\">Surtout que nous avons beaucoup de tout petits et qu\u2019il faut \u00eatre particuli\u00e8rement vigilant ! Un peu comme avec le lait sur le feu ! En bref, vive les parents impliqu\u00e9s dans la vie de l\u2019association !<\/span><\/p>\t\t\t\t\t\t<\/div>\n\t\t\t\t<\/div>\n\t\t\t\t\t<\/div>\n\t\t<\/div>\n\t\t\t\t\t<\/div>\n\t\t<\/section>\n\t\t\t\t<section class=\"elementor-section elementor-top-section elementor-element elementor-element-86ffbf3 elementor-section-boxed elementor-section-height-default elementor-section-height-default\" data-id=\"86ffbf3\" data-element_type=\"section\">\n\t\t\t\t\t\t<div class=\"elementor-container elementor-column-gap-default\">\n\t\t\t\t\t<div class=\"elementor-column elementor-col-100 elementor-top-column elementor-element elementor-element-283221b\" data-id=\"283221b\" data-element_type=\"column\">\n\t\t\t<div class=\"elementor-widget-wrap elementor-element-populated\">\n\t\t\t\t\t\t<div class=\"elementor-element elementor-element-5eb14c4 elementor-widget elementor-widget-image\" data-id=\"5eb14c4\" data-element_type=\"widget\" data-widget_type=\"image.default\">\n\t\t\t\t<div class=\"elementor-widget-container\">\n\t\t\t\t\t\t\t\t\t\t\t\t\t<img fetchpriority=\"high\" decoding=\"async\" width=\"1024\" height=\"576\" src=\"https:\/\/becarut.establiment.fr\/wp-content\/uploads\/2023\/06\/Bessille-lamphitheatre..jpg\" class=\"attachment-large size-large wp-image-1914\" alt=\"Bessille, l&#039;amphith\u00e9atre.\" \/>\t\t\t\t\t\t\t\t\t\t\t\t\t<\/div>\n\t\t\t\t<\/div>\n\t\t\t\t\t<\/div>\n\t\t<\/div>\n\t\t\t\t\t<\/div>\n\t\t<\/section>\n\t\t\t\t<section class=\"elementor-section elementor-top-section elementor-element elementor-element-951a23c elementor-section-boxed elementor-section-height-default elementor-section-height-default\" data-id=\"951a23c\" data-element_type=\"section\">\n\t\t\t\t\t\t<div class=\"elementor-container elementor-column-gap-default\">\n\t\t\t\t\t<div class=\"elementor-column elementor-col-100 elementor-top-column elementor-element elementor-element-d286e33\" data-id=\"d286e33\" data-element_type=\"column\">\n\t\t\t<div class=\"elementor-widget-wrap elementor-element-populated\">\n\t\t\t\t\t\t<div class=\"elementor-element elementor-element-531ef14 elementor-widget elementor-widget-text-editor\" data-id=\"531ef14\" data-element_type=\"widget\" data-widget_type=\"text-editor.default\">\n\t\t\t\t<div class=\"elementor-widget-container\">\n\t\t\t\t\t\t\t<p>Petite s\u00e9ance de th\u00e9atre en occitan \u00e0 Bessilles<\/p>\t\t\t\t\t\t<\/div>\n\t\t\t\t<\/div>\n\t\t\t\t\t<\/div>\n\t\t<\/div>\n\t\t\t\t\t<\/div>\n\t\t<\/section>\n\t\t\t\t<section class=\"elementor-section elementor-top-section elementor-element elementor-element-445ea78 elementor-section-boxed elementor-section-height-default elementor-section-height-default\" data-id=\"445ea78\" data-element_type=\"section\">\n\t\t\t\t\t\t<div class=\"elementor-container elementor-column-gap-default\">\n\t\t\t\t\t<div class=\"elementor-column elementor-col-100 elementor-top-column elementor-element elementor-element-ca26a76\" data-id=\"ca26a76\" data-element_type=\"column\">\n\t\t\t<div class=\"elementor-widget-wrap elementor-element-populated\">\n\t\t\t\t\t\t<div class=\"elementor-element elementor-element-25d15f8 elementor-widget elementor-widget-image\" data-id=\"25d15f8\" data-element_type=\"widget\" data-widget_type=\"image.default\">\n\t\t\t\t<div class=\"elementor-widget-container\">\n\t\t\t\t\t\t\t\t\t\t\t\t\t<img decoding=\"async\" width=\"1024\" height=\"576\" src=\"https:\/\/becarut.establiment.fr\/wp-content\/uploads\/2023\/06\/Bessille-jeux..jpg\" class=\"attachment-large size-large wp-image-1915\" alt=\"Bessille, jeux.\" \/>\t\t\t\t\t\t\t\t\t\t\t\t\t<\/div>\n\t\t\t\t<\/div>\n\t\t\t\t\t<\/div>\n\t\t<\/div>\n\t\t\t\t\t<\/div>\n\t\t<\/section>\n\t\t\t\t<section class=\"elementor-section elementor-top-section elementor-element elementor-element-1b23743 elementor-section-boxed elementor-section-height-default elementor-section-height-default\" data-id=\"1b23743\" data-element_type=\"section\">\n\t\t\t\t\t\t<div class=\"elementor-container elementor-column-gap-default\">\n\t\t\t\t\t<div class=\"elementor-column elementor-col-100 elementor-top-column elementor-element elementor-element-5d18741\" data-id=\"5d18741\" data-element_type=\"column\">\n\t\t\t<div class=\"elementor-widget-wrap elementor-element-populated\">\n\t\t\t\t\t\t<div class=\"elementor-element elementor-element-b038397 elementor-widget elementor-widget-text-editor\" data-id=\"b038397\" data-element_type=\"widget\" data-widget_type=\"text-editor.default\">\n\t\t\t\t<div class=\"elementor-widget-container\">\n\t\t\t\t\t\t\t<p>Un peu d&rsquo;aventure&#8230;<\/p>\t\t\t\t\t\t<\/div>\n\t\t\t\t<\/div>\n\t\t\t\t\t<\/div>\n\t\t<\/div>\n\t\t\t\t\t<\/div>\n\t\t<\/section>\n\t\t\t\t<section class=\"elementor-section elementor-top-section elementor-element elementor-element-1d31bbb elementor-section-boxed elementor-section-height-default elementor-section-height-default\" data-id=\"1d31bbb\" data-element_type=\"section\">\n\t\t\t\t\t\t<div class=\"elementor-container elementor-column-gap-default\">\n\t\t\t\t\t<div class=\"elementor-column elementor-col-100 elementor-top-column elementor-element elementor-element-c7390c0\" data-id=\"c7390c0\" data-element_type=\"column\">\n\t\t\t<div class=\"elementor-widget-wrap elementor-element-populated\">\n\t\t\t\t\t\t<div class=\"elementor-element elementor-element-479b934 elementor-widget elementor-widget-image\" data-id=\"479b934\" data-element_type=\"widget\" data-widget_type=\"image.default\">\n\t\t\t\t<div class=\"elementor-widget-container\">\n\t\t\t\t\t\t\t\t\t\t\t\t\t<img decoding=\"async\" width=\"1024\" height=\"576\" src=\"https:\/\/becarut.establiment.fr\/wp-content\/uploads\/2023\/06\/Leucate-decouverte-des-oiseaux.jpg\" class=\"attachment-large size-large wp-image-1931\" alt=\"Leucate, d\u00e9couverte des oiseaux\" \/>\t\t\t\t\t\t\t\t\t\t\t\t\t<\/div>\n\t\t\t\t<\/div>\n\t\t\t\t\t<\/div>\n\t\t<\/div>\n\t\t\t\t\t<\/div>\n\t\t<\/section>\n\t\t\t\t<section class=\"elementor-section elementor-top-section elementor-element elementor-element-39a0688 elementor-section-boxed elementor-section-height-default elementor-section-height-default\" data-id=\"39a0688\" data-element_type=\"section\">\n\t\t\t\t\t\t<div class=\"elementor-container elementor-column-gap-default\">\n\t\t\t\t\t<div class=\"elementor-column elementor-col-100 elementor-top-column elementor-element elementor-element-5d50edd\" data-id=\"5d50edd\" data-element_type=\"column\">\n\t\t\t<div class=\"elementor-widget-wrap elementor-element-populated\">\n\t\t\t\t\t\t<div class=\"elementor-element elementor-element-274d2ff elementor-widget elementor-widget-text-editor\" data-id=\"274d2ff\" data-element_type=\"widget\" data-widget_type=\"text-editor.default\">\n\t\t\t\t<div class=\"elementor-widget-container\">\n\t\t\t\t\t\t\t<p>Et d\u00e9couverte du monde des oiseaux \u00e0 Leucate.<\/p>\t\t\t\t\t\t<\/div>\n\t\t\t\t<\/div>\n\t\t\t\t\t<\/div>\n\t\t<\/div>\n\t\t\t\t\t<\/div>\n\t\t<\/section>\n\t\t\t\t<section class=\"elementor-section elementor-top-section elementor-element elementor-element-f4af473 elementor-section-boxed elementor-section-height-default elementor-section-height-default\" data-id=\"f4af473\" data-element_type=\"section\">\n\t\t\t\t\t\t<div class=\"elementor-container elementor-column-gap-default\">\n\t\t\t\t\t<div class=\"elementor-column elementor-col-100 elementor-top-column elementor-element elementor-element-4cccf9f\" data-id=\"4cccf9f\" data-element_type=\"column\">\n\t\t\t<div class=\"elementor-widget-wrap elementor-element-populated\">\n\t\t\t\t\t\t<div class=\"elementor-element elementor-element-72d4d60 elementor-widget elementor-widget-text-editor\" data-id=\"72d4d60\" data-element_type=\"widget\" data-widget_type=\"text-editor.default\">\n\t\t\t\t<div class=\"elementor-widget-container\">\n\t\t\t\t\t\t\t<h4>Carnaval<\/h4>\t\t\t\t\t\t<\/div>\n\t\t\t\t<\/div>\n\t\t\t\t\t<\/div>\n\t\t<\/div>\n\t\t\t\t\t<\/div>\n\t\t<\/section>\n\t\t\t\t<section class=\"elementor-section elementor-top-section elementor-element elementor-element-5230018 elementor-section-boxed elementor-section-height-default elementor-section-height-default\" data-id=\"5230018\" data-element_type=\"section\">\n\t\t\t\t\t\t<div class=\"elementor-container elementor-column-gap-default\">\n\t\t\t\t\t<div class=\"elementor-column elementor-col-100 elementor-top-column elementor-element elementor-element-c1c3d37\" data-id=\"c1c3d37\" data-element_type=\"column\">\n\t\t\t<div class=\"elementor-widget-wrap elementor-element-populated\">\n\t\t\t\t\t\t<div class=\"elementor-element elementor-element-362d456 elementor-widget elementor-widget-image\" data-id=\"362d456\" data-element_type=\"widget\" data-widget_type=\"image.default\">\n\t\t\t\t<div class=\"elementor-widget-container\">\n\t\t\t\t\t\t\t\t\t\t\t\t\t<img decoding=\"async\" src=\"https:\/\/calandreta.establiment.fr\/becarut\/wp-content\/uploads\/2022\/05\/carnaval.jpg\" title=\"\" alt=\"\" loading=\"lazy\" \/>\t\t\t\t\t\t\t\t\t\t\t\t\t<\/div>\n\t\t\t\t<\/div>\n\t\t\t\t\t<\/div>\n\t\t<\/div>\n\t\t\t\t\t<\/div>\n\t\t<\/section>\n\t\t\t\t<section class=\"elementor-section elementor-top-section elementor-element elementor-element-6d3001b elementor-section-boxed elementor-section-height-default elementor-section-height-default\" data-id=\"6d3001b\" data-element_type=\"section\">\n\t\t\t\t\t\t<div class=\"elementor-container elementor-column-gap-default\">\n\t\t\t\t\t<div class=\"elementor-column elementor-col-100 elementor-top-column elementor-element elementor-element-f68b1c7\" data-id=\"f68b1c7\" data-element_type=\"column\">\n\t\t\t<div class=\"elementor-widget-wrap elementor-element-populated\">\n\t\t\t\t\t\t<div class=\"elementor-element elementor-element-ac0013d elementor-widget elementor-widget-text-editor\" data-id=\"ac0013d\" data-element_type=\"widget\" data-widget_type=\"text-editor.default\">\n\t\t\t\t<div class=\"elementor-widget-container\">\n\t\t\t\t\t\t\t<p>Toute l\u2019\u00e9cole participe \u00e0 diff\u00e9rents carnavals organis\u00e9s sur le canton.<\/p><p>Dans le respect de la tradition occitane, les calandrons d\u00e9filent avec leur costume de \u00ab\u00a0Peta\u00e7ons\u00a0\u00bb.<\/p><p><strong><em>Lo peta\u00e7on<\/em><\/strong>\u00a0(\u00e0 prononcer\u00a0<em>lou p\u00e9tassou<\/em>) est le diminutif de\u00a0<strong><em>peta\u00e7<\/em><\/strong>\u00a0: morceau de tissu qui sert \u00e0 raccommoder un v\u00eatement.<\/p><p>Par extension, le <strong><em>peta\u00e7on<\/em><\/strong>\u00a0est celui qui porte un habit rapi\u00e9c\u00e9. Il est consid\u00e9r\u00e9 comme le cousin d\u2019Arlequin que l\u2019on trouve en Provence. Arlequin est un personnage si pauvre qu\u2019il doit masquer les trous de ses v\u00eatements avec des losanges de tissus bariol\u00e9s.<\/p><p>Le\u00a0<strong><em>peta\u00e7on<\/em><\/strong>, \u00ab\u00a0l\u2019homme aux chiffons\u00a0\u00bb, incarne les mis\u00e8res de l\u2019hiver. Traditionnellement, \u00e0 la fin des f\u00eates de Carnaval, on faisait br\u00fbler le costume de peta\u00e7on pour faire dispara\u00eetre l\u2019hiver.<\/p><p>Cette ann\u00e9e, l\u2019\u00e9cole a particip\u00e9 au Carnaval de Roquefort des Corbi\u00e8res.<\/p>\t\t\t\t\t\t<\/div>\n\t\t\t\t<\/div>\n\t\t\t\t\t<\/div>\n\t\t<\/div>\n\t\t\t\t\t<\/div>\n\t\t<\/section>\n\t\t\t\t<section class=\"elementor-section elementor-top-section elementor-element elementor-element-27c5690 elementor-section-boxed elementor-section-height-default elementor-section-height-default\" data-id=\"27c5690\" data-element_type=\"section\">\n\t\t\t\t\t\t<div class=\"elementor-container elementor-column-gap-default\">\n\t\t\t\t\t<div class=\"elementor-column elementor-col-100 elementor-top-column elementor-element elementor-element-7717430\" data-id=\"7717430\" data-element_type=\"column\">\n\t\t\t<div class=\"elementor-widget-wrap elementor-element-populated\">\n\t\t\t\t\t\t<div class=\"elementor-element elementor-element-55b61f3 elementor-widget elementor-widget-text-editor\" data-id=\"55b61f3\" data-element_type=\"widget\" data-widget_type=\"text-editor.default\">\n\t\t\t\t<div class=\"elementor-widget-container\">\n\t\t\t\t\t\t\t<h4>Stand Papiers cadeaux \/ Tombola de No\u00ebl<\/h4>\t\t\t\t\t\t<\/div>\n\t\t\t\t<\/div>\n\t\t\t\t\t<\/div>\n\t\t<\/div>\n\t\t\t\t\t<\/div>\n\t\t<\/section>\n\t\t\t\t<section class=\"elementor-section elementor-top-section elementor-element elementor-element-7fb90e6 elementor-section-boxed elementor-section-height-default elementor-section-height-default\" data-id=\"7fb90e6\" data-element_type=\"section\">\n\t\t\t\t\t\t<div class=\"elementor-container elementor-column-gap-default\">\n\t\t\t\t\t<div class=\"elementor-column elementor-col-33 elementor-top-column elementor-element elementor-element-5753363\" data-id=\"5753363\" data-element_type=\"column\">\n\t\t\t<div class=\"elementor-widget-wrap elementor-element-populated\">\n\t\t\t\t\t\t<div class=\"elementor-element elementor-element-ad6ef9b elementor-widget elementor-widget-image\" data-id=\"ad6ef9b\" data-element_type=\"widget\" data-widget_type=\"image.default\">\n\t\t\t\t<div class=\"elementor-widget-container\">\n\t\t\t\t\t\t\t\t\t\t\t\t\t<img decoding=\"async\" src=\"https:\/\/calandreta.establiment.fr\/becarut\/wp-content\/uploads\/2022\/05\/papiers-cadeaux.jpg\" title=\"\" alt=\"\" loading=\"lazy\" \/>\t\t\t\t\t\t\t\t\t\t\t\t\t<\/div>\n\t\t\t\t<\/div>\n\t\t\t\t\t<\/div>\n\t\t<\/div>\n\t\t\t\t<div class=\"elementor-column elementor-col-66 elementor-top-column elementor-element elementor-element-78818ac\" data-id=\"78818ac\" data-element_type=\"column\">\n\t\t\t<div class=\"elementor-widget-wrap elementor-element-populated\">\n\t\t\t\t\t\t<div class=\"elementor-element elementor-element-2071f48 elementor-widget elementor-widget-image\" data-id=\"2071f48\" data-element_type=\"widget\" data-widget_type=\"image.default\">\n\t\t\t\t<div class=\"elementor-widget-container\">\n\t\t\t\t\t\t\t\t\t\t\t\t\t<img loading=\"lazy\" decoding=\"async\" width=\"567\" height=\"319\" src=\"https:\/\/becarut.establiment.fr\/wp-content\/uploads\/2022\/12\/Le-stand-papiers-cadeaux-2022.jpg\" class=\"attachment-large size-large wp-image-1482\" alt=\"Le stand papiers cadeaux 2022\" \/>\t\t\t\t\t\t\t\t\t\t\t\t\t<\/div>\n\t\t\t\t<\/div>\n\t\t\t\t\t<\/div>\n\t\t<\/div>\n\t\t\t\t\t<\/div>\n\t\t<\/section>\n\t\t\t\t<section class=\"elementor-section elementor-top-section elementor-element elementor-element-20a0c5b elementor-section-boxed elementor-section-height-default elementor-section-height-default\" data-id=\"20a0c5b\" data-element_type=\"section\">\n\t\t\t\t\t\t<div class=\"elementor-container elementor-column-gap-default\">\n\t\t\t\t\t<div class=\"elementor-column elementor-col-100 elementor-top-column elementor-element elementor-element-acf4221\" data-id=\"acf4221\" data-element_type=\"column\">\n\t\t\t<div class=\"elementor-widget-wrap elementor-element-populated\">\n\t\t\t\t\t\t<div class=\"elementor-element elementor-element-1ead803 elementor-widget elementor-widget-text-editor\" data-id=\"1ead803\" data-element_type=\"widget\" data-widget_type=\"text-editor.default\">\n\t\t\t\t<div class=\"elementor-widget-container\">\n\t\t\t\t\t\t\t<p>En d\u00e9cembre au Super U de Port La Nouvelle.<\/p><p>Depuis plusieurs ann\u00e9es, la Calandreta Lo Becarut est pr\u00e9sente \u00e0 Super U la semaine pr\u00e9c\u00e9dent No\u00ebl pour proposer de faire les paquets cadeaux aux clients.<\/p><p>A cette occasion, l\u2019association organise une tombola aux b\u00e9n\u00e9fices de l\u2019\u00e9cole. En me basant \u00e0 la photo je peux voir qu\u2019il reste quelques billets\u2026<\/p><p>Comme vous pouvez le voir cette ann\u00e9e la M\u00e8re No\u00ebl est accompagn\u00e9e d\u2019un lutin et d\u2019une \u00e9quipe de pompiers. Au moins tout le monde est en s\u00e9curit\u00e9 !<\/p><p>On viens de me faire remarquer qu\u2019on ne sait pas laquelle des deux est la M\u00e8re No\u00ebl\u2026 \u00c7a c\u2019est un secret class\u00e9 \u00ab\u00a0Top Calandreta\u00a0\u00bb !<\/p>\t\t\t\t\t\t<\/div>\n\t\t\t\t<\/div>\n\t\t\t\t\t<\/div>\n\t\t<\/div>\n\t\t\t\t\t<\/div>\n\t\t<\/section>\n\t\t\t\t<\/div>\n\t\t","protected":false},"excerpt":{"rendered":"<p>Animacions passadas \u00a0 Aic\u00ed daissam la tra\u00e7a de qualques animacions passadas. Per permetre al visitaire de saber \u00e7\u00f2 que nos fas\u00e8m. Sorties de fin d&rsquo;ann\u00e9e pour une \u00e9quipe de calandrons surexcit\u00e9s. Deux grandes \u00e9quip\u00e9es se sont succ\u00e9d\u00e9es. Celle de Bessiles (\u00e0 Montagnac) et celle de Leucate. Autant dire que les pitchons en ont profit\u00e9. \u00c0&hellip;&nbsp;<a href=\"https:\/\/becarut.establiment.fr\/?page_id=1532\" class=\"\" rel=\"bookmark\">Lire la suite &raquo;<span class=\"screen-reader-text\">animacions passadas<\/span><\/a><\/p>\n","protected":false},"author":2,"featured_media":0,"parent":0,"menu_order":0,"comment_status":"closed","ping_status":"closed","template":"page-templates\/template-pagebuilder-full-width.php","meta":{"neve_meta_sidebar":"","neve_meta_container":"","neve_meta_enable_content_width":"","neve_meta_content_width":0,"neve_meta_title_alignment":"","neve_meta_author_avatar":"","neve_post_elements_order":"","neve_meta_disable_header":"","neve_meta_disable_footer":"","neve_meta_disable_title":"","footnotes":""},"class_list":["post-1532","page","type-page","status-publish","hentry"],"_links":{"self":[{"href":"https:\/\/becarut.establiment.fr\/index.php?rest_route=\/wp\/v2\/pages\/1532"}],"collection":[{"href":"https:\/\/becarut.establiment.fr\/index.php?rest_route=\/wp\/v2\/pages"}],"about":[{"href":"https:\/\/becarut.establiment.fr\/index.php?rest_route=\/wp\/v2\/types\/page"}],"author":[{"embeddable":true,"href":"https:\/\/becarut.establiment.fr\/index.php?rest_route=\/wp\/v2\/users\/2"}],"replies":[{"embeddable":true,"href":"https:\/\/becarut.establiment.fr\/index.php?rest_route=%2Fwp%2Fv2%2Fcomments&post=1532"}],"version-history":[{"count":65,"href":"https:\/\/becarut.establiment.fr\/index.php?rest_route=\/wp\/v2\/pages\/1532\/revisions"}],"predecessor-version":[{"id":1953,"href":"https:\/\/becarut.establiment.fr\/index.php?rest_route=\/wp\/v2\/pages\/1532\/revisions\/1953"}],"wp:attachment":[{"href":"https:\/\/becarut.establiment.fr\/index.php?rest_route=%2Fwp%2Fv2%2Fmedia&parent=1532"}],"curies":[{"name":"wp","href":"https:\/\/api.w.org\/{rel}","templated":true}]}}